{"id":299,"date":"2020-05-20T08:54:01","date_gmt":"2020-05-20T08:54:01","guid":{"rendered":"https:\/\/test.graechenshop.ch\/?post_type=product&#038;p=299"},"modified":"2020-08-13T09:01:50","modified_gmt":"2020-08-13T09:01:50","slug":"t-shirt-damen","status":"publish","type":"product","link":"https:\/\/test.graechenshop.ch\/index.php\/produkt\/t-shirt-damen\/","title":{"rendered":"T-Shirt Gr\u00e4chen Damen"},"content":{"rendered":"<p>Sch\u00f6nes T-Shirt, Gr\u00e4chenlogo, knapp geschnitten<\/p>\n","protected":false},"excerpt":{"rendered":"<p>Sch\u00f6nes T-Shirt, Gr\u00e4chenlogo, knapp geschnitten<\/p>\n","protected":false},"featured_media":323,"comment_status":"open","ping_status":"closed","template":"","meta":{"_et_pb_use_builder":"","_et_pb_old_content":"","_et_gb_content_width":"","spay_email":""},"product_cat":[50],"product_tag":[65,59],"yoast_head":"<!-- This site is optimized with the Yoast SEO plugin v18.2 - https:\/\/yoast.com\/wordpress\/plugins\/seo\/ -->\n<title>T-Shirt Gr\u00e4chen Damen - Gr\u00e4chenshop-Test<\/title>\n<meta name=\"robots\" content=\"index, follow, max-snippet:-1, max-image-preview:large, max-video-preview:-1\" \/>\n<link rel=\"canonical\" href=\"https:\/\/test.graechenshop.ch\/index.php\/produkt\/t-shirt-damen\/\" \/>\n<meta property=\"og:locale\" content=\"de_DE\" \/>\n<meta property=\"og:type\" content=\"article\" \/>\n<meta property=\"og:title\" content=\"T-Shirt Gr\u00e4chen Damen - Gr\u00e4chenshop-Test\" \/>\n<meta property=\"og:description\" content=\"Sch\u00f6nes T-Shirt, Gr\u00e4chenlogo, knapp geschnitten\" \/>\n<meta property=\"og:url\" content=\"https:\/\/test.graechenshop.ch\/index.php\/produkt\/t-shirt-damen\/\" \/>\n<meta property=\"og:site_name\" content=\"Gr\u00e4chenshop-Test\" \/>\n<meta property=\"article:modified_time\" content=\"2020-08-13T09:01:50+00:00\" \/>\n<meta property=\"og:image\" content=\"https:\/\/test.graechenshop.ch\/wp-content\/uploads\/2020\/05\/t-shirt-pink.jpg\" \/>\n\t<meta property=\"og:image:width\" content=\"1460\" \/>\n\t<meta property=\"og:image:height\" content=\"1439\" \/>\n\t<meta property=\"og:image:type\" content=\"image\/jpeg\" \/>\n<meta name=\"twitter:card\" content=\"summary_large_image\" \/>\n<script type=\"application\/ld+json\" class=\"yoast-schema-graph\">{\"@context\":\"https:\/\/schema.org\",\"@graph\":[{\"@type\":\"WebSite\",\"@id\":\"https:\/\/test.graechenshop.ch\/#website\",\"url\":\"https:\/\/test.graechenshop.ch\/\",\"name\":\"Gr\u00e4chenshop-Test\",\"description\":\"\",\"potentialAction\":[{\"@type\":\"SearchAction\",\"target\":{\"@type\":\"EntryPoint\",\"urlTemplate\":\"https:\/\/test.graechenshop.ch\/?s={search_term_string}\"},\"query-input\":\"required name=search_term_string\"}],\"inLanguage\":\"de\"},{\"@type\":\"ImageObject\",\"@id\":\"https:\/\/test.graechenshop.ch\/index.php\/produkt\/t-shirt-damen\/#primaryimage\",\"inLanguage\":\"de\",\"url\":\"https:\/\/test.graechenshop.ch\/wp-content\/uploads\/2020\/05\/t-shirt-pink.jpg\",\"contentUrl\":\"https:\/\/test.graechenshop.ch\/wp-content\/uploads\/2020\/05\/t-shirt-pink.jpg\",\"width\":1460,\"height\":1439},{\"@type\":\"WebPage\",\"@id\":\"https:\/\/test.graechenshop.ch\/index.php\/produkt\/t-shirt-damen\/#webpage\",\"url\":\"https:\/\/test.graechenshop.ch\/index.php\/produkt\/t-shirt-damen\/\",\"name\":\"T-Shirt Gr\u00e4chen Damen - Gr\u00e4chenshop-Test\",\"isPartOf\":{\"@id\":\"https:\/\/test.graechenshop.ch\/#website\"},\"primaryImageOfPage\":{\"@id\":\"https:\/\/test.graechenshop.ch\/index.php\/produkt\/t-shirt-damen\/#primaryimage\"},\"datePublished\":\"2020-05-20T08:54:01+00:00\",\"dateModified\":\"2020-08-13T09:01:50+00:00\",\"breadcrumb\":{\"@id\":\"https:\/\/test.graechenshop.ch\/index.php\/produkt\/t-shirt-damen\/#breadcrumb\"},\"inLanguage\":\"de\",\"potentialAction\":[{\"@type\":\"ReadAction\",\"target\":[\"https:\/\/test.graechenshop.ch\/index.php\/produkt\/t-shirt-damen\/\"]}]},{\"@type\":\"BreadcrumbList\",\"@id\":\"https:\/\/test.graechenshop.ch\/index.php\/produkt\/t-shirt-damen\/#breadcrumb\",\"itemListElement\":[{\"@type\":\"ListItem\",\"position\":1,\"name\":\"Startseite\",\"item\":\"https:\/\/test.graechenshop.ch\/\"},{\"@type\":\"ListItem\",\"position\":2,\"name\":\"Produkte\",\"item\":\"https:\/\/test.graechenshop.ch\/index.php\/shop\/\"},{\"@type\":\"ListItem\",\"position\":3,\"name\":\"T-Shirt Gr\u00e4chen Damen\"}]}]}<\/script>\n<!-- \/ Yoast SEO plugin. -->","yoast_head_json":{"title":"T-Shirt Gr\u00e4chen Damen - Gr\u00e4chenshop-Test","robots":{"index":"index","follow":"follow","max-snippet":"max-snippet:-1","max-image-preview":"max-image-preview:large","max-video-preview":"max-video-preview:-1"},"canonical":"https:\/\/test.graechenshop.ch\/index.php\/produkt\/t-shirt-damen\/","og_locale":"de_DE","og_type":"article","og_title":"T-Shirt Gr\u00e4chen Damen - Gr\u00e4chenshop-Test","og_description":"Sch\u00f6nes T-Shirt, Gr\u00e4chenlogo, knapp geschnitten","og_url":"https:\/\/test.graechenshop.ch\/index.php\/produkt\/t-shirt-damen\/","og_site_name":"Gr\u00e4chenshop-Test","article_modified_time":"2020-08-13T09:01:50+00:00","og_image":[{"width":1460,"height":1439,"url":"https:\/\/test.graechenshop.ch\/wp-content\/uploads\/2020\/05\/t-shirt-pink.jpg","type":"image\/jpeg"}],"twitter_card":"summary_large_image","schema":{"@context":"https:\/\/schema.org","@graph":[{"@type":"WebSite","@id":"https:\/\/test.graechenshop.ch\/#website","url":"https:\/\/test.graechenshop.ch\/","name":"Gr\u00e4chenshop-Test","description":"","potentialAction":[{"@type":"SearchAction","target":{"@type":"EntryPoint","urlTemplate":"https:\/\/test.graechenshop.ch\/?s={search_term_string}"},"query-input":"required name=search_term_string"}],"inLanguage":"de"},{"@type":"ImageObject","@id":"https:\/\/test.graechenshop.ch\/index.php\/produkt\/t-shirt-damen\/#primaryimage","inLanguage":"de","url":"https:\/\/test.graechenshop.ch\/wp-content\/uploads\/2020\/05\/t-shirt-pink.jpg","contentUrl":"https:\/\/test.graechenshop.ch\/wp-content\/uploads\/2020\/05\/t-shirt-pink.jpg","width":1460,"height":1439},{"@type":"WebPage","@id":"https:\/\/test.graechenshop.ch\/index.php\/produkt\/t-shirt-damen\/#webpage","url":"https:\/\/test.graechenshop.ch\/index.php\/produkt\/t-shirt-damen\/","name":"T-Shirt Gr\u00e4chen Damen - Gr\u00e4chenshop-Test","isPartOf":{"@id":"https:\/\/test.graechenshop.ch\/#website"},"primaryImageOfPage":{"@id":"https:\/\/test.graechenshop.ch\/index.php\/produkt\/t-shirt-damen\/#primaryimage"},"datePublished":"2020-05-20T08:54:01+00:00","dateModified":"2020-08-13T09:01:50+00:00","breadcrumb":{"@id":"https:\/\/test.graechenshop.ch\/index.php\/produkt\/t-shirt-damen\/#breadcrumb"},"inLanguage":"de","potentialAction":[{"@type":"ReadAction","target":["https:\/\/test.graechenshop.ch\/index.php\/produkt\/t-shirt-damen\/"]}]},{"@type":"BreadcrumbList","@id":"https:\/\/test.graechenshop.ch\/index.php\/produkt\/t-shirt-damen\/#breadcrumb","itemListElement":[{"@type":"ListItem","position":1,"name":"Startseite","item":"https:\/\/test.graechenshop.ch\/"},{"@type":"ListItem","position":2,"name":"Produkte","item":"https:\/\/test.graechenshop.ch\/index.php\/shop\/"},{"@type":"ListItem","position":3,"name":"T-Shirt Gr\u00e4chen Damen"}]}]}},"_links":{"self":[{"href":"https:\/\/test.graechenshop.ch\/index.php\/wp-json\/wp\/v2\/product\/299"}],"collection":[{"href":"https:\/\/test.graechenshop.ch\/index.php\/wp-json\/wp\/v2\/product"}],"about":[{"href":"https:\/\/test.graechenshop.ch\/index.php\/wp-json\/wp\/v2\/types\/product"}],"replies":[{"embeddable":true,"href":"https:\/\/test.graechenshop.ch\/index.php\/wp-json\/wp\/v2\/comments?post=299"}],"wp:featuredmedia":[{"embeddable":true,"href":"https:\/\/test.graechenshop.ch\/index.php\/wp-json\/wp\/v2\/media\/323"}],"wp:attachment":[{"href":"https:\/\/test.graechenshop.ch\/index.php\/wp-json\/wp\/v2\/media?parent=299"}],"wp:term":[{"taxonomy":"product_cat","embeddable":true,"href":"https:\/\/test.graechenshop.ch\/index.php\/wp-json\/wp\/v2\/product_cat?post=299"},{"taxonomy":"product_tag","embeddable":true,"href":"https:\/\/test.graechenshop.ch\/index.php\/wp-json\/wp\/v2\/product_tag?post=299"}],"curies":[{"name":"wp","href":"https:\/\/api.w.org\/{rel}","templated":true}]}}