{"id":15,"date":"2020-05-05T13:34:36","date_gmt":"2020-05-05T13:34:36","guid":{"rendered":"https:\/\/test.graechenshop.ch\/index.php\/agb\/"},"modified":"2021-01-18T13:52:29","modified_gmt":"2021-01-18T13:52:29","slug":"agb","status":"publish","type":"page","link":"https:\/\/test.graechenshop.ch\/index.php\/agb\/","title":{"rendered":"AGB"},"content":{"rendered":"<p>[et_pb_section fb_built=&#8220;1&#8243; _builder_version=&#8220;4.5.6&#8243; _module_preset=&#8220;default&#8220;][et_pb_row _builder_version=&#8220;4.5.6&#8243; _module_preset=&#8220;default&#8220;][et_pb_column type=&#8220;4_4&#8243; _builder_version=&#8220;4.5.6&#8243; _module_preset=&#8220;default&#8220;][et_pb_text _builder_version=&#8220;4.5.6&#8243; _module_preset=&#8220;default&#8220; hover_enabled=&#8220;0&#8243; width=&#8220;100%&#8220; text_text_color=&#8220;#000000&#8243;]<\/p>\n<ol>\n<li><strong> ANWENDBARKEIT<\/strong><\/li>\n<\/ol>\n<p>Wenn Sie im Online-Shop dieser Webseite eine Bestellung aufgegeben, entsteht ein Kaufvertrag zwischen Ihnen (\u201eKunde\/Sie\u201c) und den Sportgesch\u00e4ften Zenklusen &amp; Glacier Sport, Gr\u00e4chen(\u201ewir\/uns\u201c). Die Gesch\u00e4ftsabwicklung und Lieferung erfolgt ausschlie\u00dflich zu den vorliegenden allgemeinen Gesch\u00e4ftsbedingungen. Durch Aufgabe einer Bestellung an uns erkl\u00e4ren Sie sich mit der Anwendung dieser Verkaufsbedingungen auf Ihre Bestellung einverstanden. Abweichungen bed\u00fcrfen einer schriftlichen Erkl\u00e4rung.<\/p>\n<ol start=\"2\">\n<li><strong> VORAUSSETZUNGEN F\u00dcR EINEN VERTRAGSABSCHLUSS<\/strong><\/li>\n<\/ol>\n<p>\u00dcber den Online-Shop darf nur bestellen, wer mindestens ein Alter von 18 Jahren aufweist und ein Verbraucher im Sinne des Gesetzes ist. Ein Verbraucher ist jede nat\u00fcrliche Person, die ein Rechtsgesch\u00e4ft zu einem Zwecke abschliesst, der weder ihrer gewerblichen noch ihrer selbst\u00e4ndigen beruflichen T\u00e4tigkeit zugeordnet werden kann.<\/p>\n<p>Sie garantieren, dass alle Angaben, die Sie w\u00e4hrend der Registrierung bzw. w\u00e4hrend des Bestellvorgangs machen, korrekt und vollst\u00e4ndig sind.<\/p>\n<ol start=\"3\">\n<li><strong> ZUSTANDEKOMMEN DES VERTRAGES<\/strong><\/li>\n<\/ol>\n<p>Die Pr\u00e4sentation der Waren im Online-Shop stellt kein bindendes Angebot, sondern nur eine Aufforderung an den Kunden zur Abgabe eines Angebots dar. Sie k\u00f6nnen unsere Produkte zun\u00e4chst unverbindlich in den Warenkorb legen und Ihre Eingaben vor Absenden Ihrer verbindlichen Bestellung jederzeit korrigieren, indem Sie die hierf\u00fcr im Bestellablauf vorgesehenen und erl\u00e4uterten Korrekturhilfen nutzen.<\/p>\n<p>Mit dem Absenden einer Bestellung durch das Anklicken des Buttons \u201eZahlungspflichtig bestellen\u201c geben Sie ein verbindliches Angebot gerichtet auf den Abschluss eines Kaufvertrages \u00fcber die im Warenkorb enthaltenen Waren ab.<\/p>\n<p>Wir best\u00e4tigen den Eingang der Bestellung des Kunden durch Versendung einer E-Mail. Diese Empfangsbest\u00e4tigung stellt noch nicht die Annahme des Vertragsangebotes dar. Sie dient lediglich der Information des Kunden, dass die Bestellung bei uns eingegangen ist.<\/p>\n<p>Ein Vertrag kommt erst durch die Annahmeerkl\u00e4rung von uns zustande, die mit einer gesonderten E-Mail (Auftragsbest\u00e4tigung oder Versandbest\u00e4tigung) versendet wird, sp\u00e4testens jedoch durch den Versand der Bestellung.<\/p>\n<p>Wir behalten uns das Recht vor, ein Angebot ohne die Nennung eines Grundes abzulehnen. Aus systemtechnischen Gr\u00fcnden k\u00f6nnen wir keine Bestellungen per Telefon, Fax oder Brief annehmen.<\/p>\n<ol start=\"4\">\n<li><strong> VERF\u00dcGBARKEIT DER PRODUKTE<\/strong><\/li>\n<\/ol>\n<p>Sind die bestellten Produkte zum Zeitpunkt der Bestellung nicht verf\u00fcgbar, behalten wir uns vor, die Bestellung nicht anzunehmen, so dass kein Vertrag zustande kommt. Dar\u00fcber wird der Kunde informiert. Bereits geleistete Zahlungen werden unverz\u00fcglich r\u00fcckerstattet.<\/p>\n<ol start=\"5\">\n<li><strong> VERTRAGSSPRACHE UND SPEICHERUNG DES VERTRAGSTEXTES<\/strong><\/li>\n<\/ol>\n<p>Die f\u00fcr den Vertragsschluss zur Verf\u00fcgung stehende Sprache ist Deutsch. Der Vertragstext wird von uns nicht gespeichert.<\/p>\n<ol start=\"6\">\n<li><strong> EIGENTUMSVORBEHALT; AUFRECHNUNG; ZUR\u00dcCKBEHALTUNGSRECHT<\/strong><\/li>\n<\/ol>\n<p>Bei Verbrauchern behalten wir uns das Eigentum an der Kaufsache bis zur vollst\u00e4ndigen Zahlung des Rechnungsbetrags vor.<\/p>\n<p>Ein Recht zur Aufrechnung steht Ihnen nur zu, wenn Ihre Gegenanspr\u00fcche rechtskr\u00e4ftig festgestellt oder von uns unbestritten oder anerkannt sind. Au\u00dferdem haben Sie ein Zur\u00fcckbehaltungsrecht nur, wenn und soweit Ihr Gegenanspruch auf dem gleichen Vertragsverh\u00e4ltnis beruht.<\/p>\n<ol start=\"7\">\n<li><strong> STORNIERUNG<\/strong><\/li>\n<\/ol>\n<p>Ihre Bestellung wird von uns so schnell wie m\u00f6glich zur Bearbeitung an die Logistik \u00fcbergeben. Deshalb ist eine Stornierung, selbst wenn sie unmittelbar erfolgt, leider nicht m\u00f6glich.<\/p>\n<ol start=\"8\">\n<li><strong> PREIS<\/strong><\/li>\n<\/ol>\n<p>Die angegebenen Preise verstehen sich in Schweizer Franken und einschlie\u00dflich der gesetzlichen Mehrwertsteuer. Bis zur Versendung der Best\u00e4tigungs-E-Mail k\u00f6nnen jederzeit Preis- und Produkt\u00e4nderungen vorgenommen werden.<\/p>\n<p>Wir behalten uns das Recht vor, Sonderangebote und andere Rabatte jederzeit zu \u00e4ndern oder zu beenden.<\/p>\n<ol start=\"9\">\n<li><strong> VERSANDKOSTEN<\/strong><\/li>\n<\/ol>\n<p>Der Versand ist innerhalb der Schweiz kostenfrei. Der K\u00e4ufer tr\u00e4gt die Versandkosten, sollte er die bestellten Produkte an uns zur\u00fccksenden.<\/p>\n<ol start=\"10\">\n<li><strong> ZAHLUNGSMITTEL<\/strong><\/li>\n<\/ol>\n<p>Grunds\u00e4tzlich bieten wir folgende Zahlungsm\u00f6glichkeiten an: Kreditkarte und Kauf auf Rechnung. Bei jeder Bestellung behalten wir es uns jedoch ausdr\u00fccklich vor, bestimmte Zahlungsarten nicht zu akzeptieren und auf andere Zahlungsformen zu verweisen. In keinem Fall \u00fcbernehmen wir die Kosten einer Geld-Transaktion.<\/p>\n<p>&#8211;\u00a0\u00a0\u00a0\u00a0\u00a0\u00a0 <strong>Kreditkarte<\/strong><\/p>\n<p>Wir akzeptieren Visa und Mastercard.<\/p>\n<p>Die Belastung Ihrer Kreditkarte erfolgt erst zum Zeitpunkt der Versendung Ihrer Bestellung.<\/p>\n<p>&#8211;\u00a0\u00a0\u00a0\u00a0\u00a0\u00a0 <strong>Kauf auf Rechnung<\/strong><\/p>\n<p>Beim Kauf auf Rechnung ist der Rechnungsbetrag an dem in der Rechnung genannten Kalendertag (30 Kalendertage nach dem Rechnungsdatum) zur Zahlung f\u00e4llig und ohne Abzug zahlbar. Die Zahlungsart KAUF AUF RECHNUNG besteht nicht f\u00fcr alle Angebote und setzt unter anderem eine erfolgreiche Bonit\u00e4tspr\u00fcfung voraus.<\/p>\n<p>&#8211;\u00a0\u00a0\u00a0\u00a0\u00a0\u00a0 <strong>Zahlungsverzug<\/strong><\/p>\n<p>Beim Kauf auf Rechnung ist der Rechnungsbetrag an dem in der Rechnung genannten Kalendertag (30 Tage nach dem Rechnungsdatum) zur Zahlung an uns f\u00e4llig und ohne Abzug zahlbar. Mit Ablauf dieser Frist kommen Sie automatisch in Verzug.<\/p>\n<ol start=\"11\">\n<li><strong> ELEKTRONISCHE KOMMUNIKATION<\/strong><\/li>\n<\/ol>\n<p>Sie erkl\u00e4ren sich damit einverstanden, dass die vertragsbezogene Kommunikation einschlie\u00dflich eventueller Rechnungsstellung in elektronischer Form erfolgen kann.<\/p>\n<ol start=\"12\">\n<li><strong> LIEFERUNG UND ABHOLUNG<\/strong><\/li>\n<\/ol>\n<p>Generell wird eine Bestellung nach Wahl des Kunden entweder an eine vom Kunden bestimmte Lieferadresse innerhalb 3-5 Werktagen versandt oder bei uns zur Abholung bereitgestellt.<\/p>\n<p>&#8211;\u00a0\u00a0\u00a0\u00a0\u00a0\u00a0 <strong>Lieferung<\/strong><\/p>\n<p>Alle Bestellungen, die keine Ski oder Skischuhe enthalten, liefern wir grunds\u00e4tzlich an jede Adresse innerhalb der Schweiz per Paketversand. Eine Lieferung ausserhalb der Schweiz findet nicht statt. Wir liefern nicht an Packstationen. Die Lieferfrist beginnt jeweils am Tag des Vertragsschlusses. Bitte beachten Sie, dass die Lieferfristen unverbindlich sind und daher nicht als definitive Fristen anzusehen sind. Die alleinige Tatsache, dass eine Lieferfrist nicht eingehalten wird, gibt Ihnen nicht das Recht auf Entsch\u00e4digung.<\/p>\n<p>&#8211;\u00a0\u00a0\u00a0\u00a0\u00a0\u00a0 <strong>Abholung<\/strong><\/p>\n<p>Sobald Ihre Bestellung f\u00fcr Sie bereitsteht, werden Sie per E-Mail benachrichtigt. Sie verpflichten sich, Ihre Bestellung innerhalb einer Frist von 14 Tagen ab Erhalt der Benachrichtigung abzuholen. Die Gefahr des zuf\u00e4lligen Untergangs und der zuf\u00e4lligen Verschlechterung des bestellten Produkts geht mit dessen \u00dcbergabe auf Sie \u00fcber, sp\u00e4testens jedoch nach Ablauf von 14 Tagen ab Erhalt der Benachrichtigung.<\/p>\n<ol start=\"13\">\n<li><strong> GESETZLICHE GEW\u00c4HRLEISTUNG<\/strong><\/li>\n<\/ol>\n<p>F\u00fcr \u00fcber den Online-Shop abgeschlossene Kaufvertr\u00e4ge gilt das gesetzliche Gew\u00e4hrleistungsrecht.<\/p>\n<ol start=\"14\">\n<li><strong> GERINGF\u00dcGIGE ABWEICHUNGEN AUFGRUND TECHNISCHER GR\u00dcNDE<\/strong><\/li>\n<\/ol>\n<p>Geringf\u00fcgige Farbabweichungen und sonstige Schwankungen bei Produkten sind m\u00f6glicherweise auf unterschiedliche Bildaufnahmen, Anzeigetechnologien oder sonstige technische Gr\u00fcnde zur\u00fcckzuf\u00fchren. F\u00fcr solche Abweichungen ist eine Haftung der Sportgesch\u00e4fte Zenklusen Sport &amp; Glacier Sport ausgeschlossen.<\/p>\n<ol start=\"15\">\n<li><strong> HAFTUNGEN<\/strong><\/li>\n<\/ol>\n<p>Wir schliessen f\u00fcr s\u00e4mtliche direkten und indirekten Sch\u00e4den, die durch die Nutzung des Onlineshops bzw. im Rahmen von Warenbestellungen oder Vertragsabschl\u00fcssen \u00fcber den Onlineshop entstehen, die Haftung im gesetzlich zul\u00e4ssigen Mass aus. Insbesondere schliessen wir jede Haftung f\u00fcr leichte und mittlere Fahrl\u00e4ssigkeit aus. Wir \u00fcbernehmen auch keinerlei vertragliche oder ausservertragliche Haftung f\u00fcr Sch\u00e4den, die durch zur Leistungserbringung beigezogener Hilfspersonen verursacht werden.<\/p>\n<ol start=\"16\">\n<li><strong> SALVATORISCHE KLAUSEL<\/strong><\/li>\n<\/ol>\n<p>Sollten einzelne Bestimmungen des Vertrages einschlie\u00dflich dieser Regelungen ganz oder teilweise unwirksam sein oder werden oder sollte der Vertrag eine nichtvorhergesehene L\u00fccke aufweisen, bleibt die Wirksamkeit der \u00fcbrigen Bestimmungen oder Teile solcher Bestimmungen unber\u00fchrt. Anstelle der unwirksamen oder fehlenden Bestimmungen treten die jeweiligen gesetzlichen Regelungen.<\/p>\n<ol start=\"17\">\n<li><strong> ANWENDBARES RECHT<\/strong><\/li>\n<\/ol>\n<p>F\u00fcr alle Streitigkeiten aus oder im Zusammenhang mit dem Vertrag gilt schweizerisches Recht. Die Bestimmungen des UN-Kaufrechts gelten nicht.<\/p>\n<p>[\/et_pb_text][\/et_pb_column][\/et_pb_row][\/et_pb_section]<\/p>\n","protected":false},"excerpt":{"rendered":"<p>ANWENDBARKEIT Wenn&#8230;<\/p>\n","protected":false},"author":1,"featured_media":0,"parent":0,"menu_order":0,"comment_status":"closed","ping_status":"closed","template":"","meta":{"_et_pb_use_builder":"on","_et_pb_old_content":"","_et_gb_content_width":"","spay_email":""},"yoast_head":"<!-- This site is optimized with the Yoast SEO plugin v18.2 - https:\/\/yoast.com\/wordpress\/plugins\/seo\/ -->\n<title>AGB - Gr\u00e4chenshop-Test<\/title>\n<meta name=\"robots\" content=\"index, follow, max-snippet:-1, max-image-preview:large, max-video-preview:-1\" \/>\n<link rel=\"canonical\" href=\"https:\/\/test.graechenshop.ch\/index.php\/agb\/\" \/>\n<meta property=\"og:locale\" content=\"de_DE\" \/>\n<meta property=\"og:type\" content=\"article\" \/>\n<meta property=\"og:title\" content=\"AGB - Gr\u00e4chenshop-Test\" \/>\n<meta property=\"og:description\" content=\"ANWENDBARKEIT Wenn...\" \/>\n<meta property=\"og:url\" content=\"https:\/\/test.graechenshop.ch\/index.php\/agb\/\" \/>\n<meta property=\"og:site_name\" content=\"Gr\u00e4chenshop-Test\" \/>\n<meta property=\"article:modified_time\" content=\"2021-01-18T13:52:29+00:00\" \/>\n<meta name=\"twitter:card\" content=\"summary_large_image\" \/>\n<meta name=\"twitter:label1\" content=\"Gesch\u00e4tzte Lesezeit\" \/>\n\t<meta name=\"twitter:data1\" content=\"6\u00a0Minuten\" \/>\n<script type=\"application\/ld+json\" class=\"yoast-schema-graph\">{\"@context\":\"https:\/\/schema.org\",\"@graph\":[{\"@type\":\"WebSite\",\"@id\":\"https:\/\/test.graechenshop.ch\/#website\",\"url\":\"https:\/\/test.graechenshop.ch\/\",\"name\":\"Gr\u00e4chenshop-Test\",\"description\":\"\",\"potentialAction\":[{\"@type\":\"SearchAction\",\"target\":{\"@type\":\"EntryPoint\",\"urlTemplate\":\"https:\/\/test.graechenshop.ch\/?s={search_term_string}\"},\"query-input\":\"required name=search_term_string\"}],\"inLanguage\":\"de\"},{\"@type\":\"WebPage\",\"@id\":\"https:\/\/test.graechenshop.ch\/index.php\/agb\/#webpage\",\"url\":\"https:\/\/test.graechenshop.ch\/index.php\/agb\/\",\"name\":\"AGB - Gr\u00e4chenshop-Test\",\"isPartOf\":{\"@id\":\"https:\/\/test.graechenshop.ch\/#website\"},\"datePublished\":\"2020-05-05T13:34:36+00:00\",\"dateModified\":\"2021-01-18T13:52:29+00:00\",\"breadcrumb\":{\"@id\":\"https:\/\/test.graechenshop.ch\/index.php\/agb\/#breadcrumb\"},\"inLanguage\":\"de\",\"potentialAction\":[{\"@type\":\"ReadAction\",\"target\":[\"https:\/\/test.graechenshop.ch\/index.php\/agb\/\"]}]},{\"@type\":\"BreadcrumbList\",\"@id\":\"https:\/\/test.graechenshop.ch\/index.php\/agb\/#breadcrumb\",\"itemListElement\":[{\"@type\":\"ListItem\",\"position\":1,\"name\":\"Startseite\",\"item\":\"https:\/\/test.graechenshop.ch\/\"},{\"@type\":\"ListItem\",\"position\":2,\"name\":\"AGB\"}]}]}<\/script>\n<!-- \/ Yoast SEO plugin. -->","yoast_head_json":{"title":"AGB - Gr\u00e4chenshop-Test","robots":{"index":"index","follow":"follow","max-snippet":"max-snippet:-1","max-image-preview":"max-image-preview:large","max-video-preview":"max-video-preview:-1"},"canonical":"https:\/\/test.graechenshop.ch\/index.php\/agb\/","og_locale":"de_DE","og_type":"article","og_title":"AGB - Gr\u00e4chenshop-Test","og_description":"ANWENDBARKEIT Wenn...","og_url":"https:\/\/test.graechenshop.ch\/index.php\/agb\/","og_site_name":"Gr\u00e4chenshop-Test","article_modified_time":"2021-01-18T13:52:29+00:00","twitter_card":"summary_large_image","twitter_misc":{"Gesch\u00e4tzte Lesezeit":"6\u00a0Minuten"},"schema":{"@context":"https:\/\/schema.org","@graph":[{"@type":"WebSite","@id":"https:\/\/test.graechenshop.ch\/#website","url":"https:\/\/test.graechenshop.ch\/","name":"Gr\u00e4chenshop-Test","description":"","potentialAction":[{"@type":"SearchAction","target":{"@type":"EntryPoint","urlTemplate":"https:\/\/test.graechenshop.ch\/?s={search_term_string}"},"query-input":"required name=search_term_string"}],"inLanguage":"de"},{"@type":"WebPage","@id":"https:\/\/test.graechenshop.ch\/index.php\/agb\/#webpage","url":"https:\/\/test.graechenshop.ch\/index.php\/agb\/","name":"AGB - Gr\u00e4chenshop-Test","isPartOf":{"@id":"https:\/\/test.graechenshop.ch\/#website"},"datePublished":"2020-05-05T13:34:36+00:00","dateModified":"2021-01-18T13:52:29+00:00","breadcrumb":{"@id":"https:\/\/test.graechenshop.ch\/index.php\/agb\/#breadcrumb"},"inLanguage":"de","potentialAction":[{"@type":"ReadAction","target":["https:\/\/test.graechenshop.ch\/index.php\/agb\/"]}]},{"@type":"BreadcrumbList","@id":"https:\/\/test.graechenshop.ch\/index.php\/agb\/#breadcrumb","itemListElement":[{"@type":"ListItem","position":1,"name":"Startseite","item":"https:\/\/test.graechenshop.ch\/"},{"@type":"ListItem","position":2,"name":"AGB"}]}]}},"_links":{"self":[{"href":"https:\/\/test.graechenshop.ch\/index.php\/wp-json\/wp\/v2\/pages\/15"}],"collection":[{"href":"https:\/\/test.graechenshop.ch\/index.php\/wp-json\/wp\/v2\/pages"}],"about":[{"href":"https:\/\/test.graechenshop.ch\/index.php\/wp-json\/wp\/v2\/types\/page"}],"author":[{"embeddable":true,"href":"https:\/\/test.graechenshop.ch\/index.php\/wp-json\/wp\/v2\/users\/1"}],"replies":[{"embeddable":true,"href":"https:\/\/test.graechenshop.ch\/index.php\/wp-json\/wp\/v2\/comments?post=15"}],"version-history":[{"count":5,"href":"https:\/\/test.graechenshop.ch\/index.php\/wp-json\/wp\/v2\/pages\/15\/revisions"}],"predecessor-version":[{"id":550,"href":"https:\/\/test.graechenshop.ch\/index.php\/wp-json\/wp\/v2\/pages\/15\/revisions\/550"}],"wp:attachment":[{"href":"https:\/\/test.graechenshop.ch\/index.php\/wp-json\/wp\/v2\/media?parent=15"}],"curies":[{"name":"wp","href":"https:\/\/api.w.org\/{rel}","templated":true}]}}